{"id":297,"date":"2021-04-15T14:21:32","date_gmt":"2021-04-15T12:21:32","guid":{"rendered":"http:\/\/jeanpierredanel.com\/web\/?page_id=297"},"modified":"2025-04-07T19:51:58","modified_gmt":"2025-04-07T17:51:58","slug":"copie","status":"publish","type":"page","link":"https:\/\/www.jeanpierredanel.com\/web\/","title":{"rendered":""},"content":{"rendered":"\t\t<div data-elementor-type=\"wp-page\" data-elementor-id=\"297\" class=\"elementor elementor-297\">\n\t\t\t\t\t\t<section class=\"elementor-section elementor-top-section elementor-element elementor-element-2b658cb elementor-section-boxed elementor-section-height-default elementor-section-height-default\" data-id=\"2b658cb\" data-element_type=\"section\" data-e-type=\"section\">\n\t\t\t\t\t\t<div class=\"elementor-container elementor-column-gap-default\">\n\t\t\t\t\t<div class=\"elementor-column elementor-col-100 elementor-top-column elementor-element elementor-element-31ad6bc\" data-id=\"31ad6bc\" data-element_type=\"column\" data-e-type=\"column\">\n\t\t\t<div class=\"elementor-widget-wrap elementor-element-populated\">\n\t\t\t\t\t\t<div class=\"elementor-element elementor-element-b66a1a3 elementor-widget elementor-widget-spacer\" data-id=\"b66a1a3\" data-element_type=\"widget\" data-e-type=\"widget\" data-widget_type=\"spacer.default\">\n\t\t\t\t<div class=\"elementor-widget-container\">\n\t\t\t\t\t\t\t<div class=\"elementor-spacer\">\n\t\t\t<div class=\"elementor-spacer-inner\"><\/div>\n\t\t<\/div>\n\t\t\t\t\t\t<\/div>\n\t\t\t\t<\/div>\n\t\t\t\t\t<\/div>\n\t\t<\/div>\n\t\t\t\t\t<\/div>\n\t\t<\/section>\n\t\t\t\t<section class=\"elementor-section elementor-top-section elementor-element elementor-element-bd7e557 elementor-section-full_width elementor-section-stretched elementor-section-height-default elementor-section-height-default\" data-id=\"bd7e557\" data-element_type=\"section\" data-e-type=\"section\" data-settings=\"{&quot;stretch_section&quot;:&quot;section-stretched&quot;}\">\n\t\t\t\t\t\t<div class=\"elementor-container elementor-column-gap-no\">\n\t\t\t\t\t<div class=\"elementor-column elementor-col-100 elementor-top-column elementor-element elementor-element-f7700be\" data-id=\"f7700be\" data-element_type=\"column\" data-e-type=\"column\">\n\t\t\t<div class=\"elementor-widget-wrap elementor-element-populated\">\n\t\t\t\t\t\t<div class=\"elementor-element elementor-element-87d9a0e elementor-widget elementor-widget-image\" data-id=\"87d9a0e\" data-element_type=\"widget\" data-e-type=\"widget\" data-widget_type=\"image.default\">\n\t\t\t\t<div class=\"elementor-widget-container\">\n\t\t\t\t\t\t\t\t\t\t\t\t\t\t\t<img fetchpriority=\"high\" decoding=\"async\" width=\"1800\" height=\"312\" src=\"https:\/\/www.jeanpierredanel.com\/web\/wp-content\/uploads\/2023\/04\/head.jpg\" class=\"attachment-full size-full wp-image-1476\" alt=\"\" srcset=\"https:\/\/www.jeanpierredanel.com\/web\/wp-content\/uploads\/2023\/04\/head.jpg 1800w, https:\/\/www.jeanpierredanel.com\/web\/wp-content\/uploads\/2023\/04\/head-300x52.jpg 300w, https:\/\/www.jeanpierredanel.com\/web\/wp-content\/uploads\/2023\/04\/head-1024x177.jpg 1024w, https:\/\/www.jeanpierredanel.com\/web\/wp-content\/uploads\/2023\/04\/head-768x133.jpg 768w, https:\/\/www.jeanpierredanel.com\/web\/wp-content\/uploads\/2023\/04\/head-1536x266.jpg 1536w, https:\/\/www.jeanpierredanel.com\/web\/wp-content\/uploads\/2023\/04\/head-228x40.jpg 228w\" sizes=\"(max-width: 1800px) 100vw, 1800px\" \/>\t\t\t\t\t\t\t\t\t\t\t\t\t\t\t<\/div>\n\t\t\t\t<\/div>\n\t\t\t\t\t<\/div>\n\t\t<\/div>\n\t\t\t\t\t<\/div>\n\t\t<\/section>\n\t\t\t\t<section class=\"elementor-section elementor-top-section elementor-element elementor-element-7e6e525 elementor-section-boxed elementor-section-height-default elementor-section-height-default\" data-id=\"7e6e525\" data-element_type=\"section\" data-e-type=\"section\">\n\t\t\t\t\t\t<div class=\"elementor-container elementor-column-gap-default\">\n\t\t\t\t\t<div class=\"elementor-column elementor-col-100 elementor-top-column elementor-element elementor-element-200c3db\" data-id=\"200c3db\" data-element_type=\"column\" data-e-type=\"column\">\n\t\t\t<div class=\"elementor-widget-wrap elementor-element-populated\">\n\t\t\t\t\t\t<div class=\"elementor-element elementor-element-8dc7398 elementor-widget elementor-widget-spacer\" data-id=\"8dc7398\" data-element_type=\"widget\" data-e-type=\"widget\" data-widget_type=\"spacer.default\">\n\t\t\t\t<div class=\"elementor-widget-container\">\n\t\t\t\t\t\t\t<div class=\"elementor-spacer\">\n\t\t\t<div class=\"elementor-spacer-inner\"><\/div>\n\t\t<\/div>\n\t\t\t\t\t\t<\/div>\n\t\t\t\t<\/div>\n\t\t\t\t\t<\/div>\n\t\t<\/div>\n\t\t\t\t\t<\/div>\n\t\t<\/section>\n\t\t\t\t<section class=\"elementor-section elementor-top-section elementor-element elementor-element-1db32fc elementor-section-boxed elementor-section-height-default elementor-section-height-default\" data-id=\"1db32fc\" data-element_type=\"section\" data-e-type=\"section\">\n\t\t\t\t\t\t<div class=\"elementor-container elementor-column-gap-default\">\n\t\t\t\t\t<div class=\"elementor-column elementor-col-33 elementor-top-column elementor-element elementor-element-5eadd25\" data-id=\"5eadd25\" data-element_type=\"column\" data-e-type=\"column\">\n\t\t\t<div class=\"elementor-widget-wrap elementor-element-populated\">\n\t\t\t\t\t\t<div class=\"elementor-element elementor-element-ed463fa elementor-invisible elementor-widget elementor-widget-image\" data-id=\"ed463fa\" data-element_type=\"widget\" data-e-type=\"widget\" data-settings=\"{&quot;_animation&quot;:&quot;fadeInLeft&quot;}\" data-widget_type=\"image.default\">\n\t\t\t\t<div class=\"elementor-widget-container\">\n\t\t\t\t\t\t\t\t\t\t\t\t\t\t\t<img decoding=\"async\" width=\"240\" height=\"240\" src=\"https:\/\/www.jeanpierredanel.com\/web\/wp-content\/uploads\/2021\/03\/avatar.jpg\" class=\"elementor-animation-shrink attachment-large size-large wp-image-45\" alt=\"\" srcset=\"https:\/\/www.jeanpierredanel.com\/web\/wp-content\/uploads\/2021\/03\/avatar.jpg 240w, https:\/\/www.jeanpierredanel.com\/web\/wp-content\/uploads\/2021\/03\/avatar-150x150.jpg 150w, https:\/\/www.jeanpierredanel.com\/web\/wp-content\/uploads\/2021\/03\/avatar-180x180.jpg 180w\" sizes=\"(max-width: 240px) 100vw, 240px\" \/>\t\t\t\t\t\t\t\t\t\t\t\t\t\t\t<\/div>\n\t\t\t\t<\/div>\n\t\t\t\t\t<\/div>\n\t\t<\/div>\n\t\t\t\t<div class=\"elementor-column elementor-col-66 elementor-top-column elementor-element elementor-element-1ca7691\" data-id=\"1ca7691\" data-element_type=\"column\" data-e-type=\"column\">\n\t\t\t<div class=\"elementor-widget-wrap elementor-element-populated\">\n\t\t\t\t\t\t<div class=\"elementor-element elementor-element-6a96f6b elementor-invisible elementor-widget elementor-widget-text-editor\" data-id=\"6a96f6b\" data-element_type=\"widget\" data-e-type=\"widget\" data-settings=\"{&quot;_animation&quot;:&quot;fadeInRight&quot;}\" data-widget_type=\"text-editor.default\">\n\t\t\t\t<div class=\"elementor-widget-container\">\n\t\t\t\t\t\t\t\t\t<h2>\u00a0<\/h2><h2>A propos<\/h2><p><strong>Jean-Pierre Danel<\/strong> est le guitariste soliste le plus vendu en France, avec <strong>Guitar Connection N\u00b01 des ventes en 2006<\/strong> ou<strong> C\u00f4t\u00e9 Jazz<\/strong> N\u00b01 des ventes d\u2019albums de jazz en 2020, 16 disques d\u2019or et platine pour ses albums et dvd (<strong>Guitar Connection, Out of the Blues, All You Need is Live, Hats Off to the Boys, Guitar Story, Guitar Safari, etc.<\/strong>), des duos et collaborations prestigieux (<strong><a href=\"_wp_link_placeholder\" data-wplink-edit=\"true\">Bertignac, Voulzy, Michael Jones, Axel Bauer, Paul Personne, Hank Marvin, Brian May<\/a><\/strong>, etc.), et des succ\u00e8s internationaux (classement au Billboard am\u00e9ricain, etc. et 8 disques d\u2019or \u00e0 l\u2019\u00e9tranger). Il cr\u00e9e aussi le Nu-rock-beat, m\u00e9lange de guitare rock et de production Dance, classe 3 de ses singles au Top Club 40, et est N\u00b01 du Top Electro en 2024.<\/p>\t\t\t\t\t\t\t\t<\/div>\n\t\t\t\t<\/div>\n\t\t\t\t\t<\/div>\n\t\t<\/div>\n\t\t\t\t\t<\/div>\n\t\t<\/section>\n\t\t\t\t<section class=\"elementor-section elementor-top-section elementor-element elementor-element-425d41bf elementor-section-boxed elementor-section-height-default elementor-section-height-default\" data-id=\"425d41bf\" data-element_type=\"section\" data-e-type=\"section\">\n\t\t\t\t\t\t<div class=\"elementor-container elementor-column-gap-default\">\n\t\t\t\t\t<div class=\"elementor-column elementor-col-100 elementor-top-column elementor-element elementor-element-87ac957\" data-id=\"87ac957\" data-element_type=\"column\" data-e-type=\"column\">\n\t\t\t<div class=\"elementor-widget-wrap elementor-element-populated\">\n\t\t\t\t\t\t<div class=\"elementor-element elementor-element-effea00 elementor-widget elementor-widget-text-editor\" data-id=\"effea00\" data-element_type=\"widget\" data-e-type=\"widget\" data-widget_type=\"text-editor.default\">\n\t\t\t\t<div class=\"elementor-widget-container\">\n\t\t\t\t\t\t\t\t\t<p>Son \u00e9clectique parcours de producteur lui a \u00e9galement valu de recevoir <strong>207 disques d\u2019or et platine, pour 24,6 millions de disques vendus<\/strong> (Buddha Bar, Top 50, Elie Kakou, Hit Machine, etc.).<br \/>Il a par ailleurs publi\u00e9 une vingtaine de livres, dont deux biographies de Sacha Guitry, une de Sarah Bernhardt et une d\u2019Elvis Presley, ainsi que deux livres consacr\u00e9s \u00e0 la Fender Stratocaster. <a href=\"http:\/\/jeanpierredanel.com\/web\/index.php\/bio\/\" rel=\"noopener\">En savoir +<\/a><\/p>\t\t\t\t\t\t\t\t<\/div>\n\t\t\t\t<\/div>\n\t\t\t\t\t<\/div>\n\t\t<\/div>\n\t\t\t\t\t<\/div>\n\t\t<\/section>\n\t\t\t\t<section class=\"elementor-section elementor-top-section elementor-element elementor-element-b718487 elementor-section-full_width elementor-section-height-default elementor-section-height-default\" data-id=\"b718487\" data-element_type=\"section\" data-e-type=\"section\">\n\t\t\t\t\t\t<div class=\"elementor-container elementor-column-gap-default\">\n\t\t\t\t\t<div class=\"elementor-column elementor-col-33 elementor-top-column elementor-element elementor-element-c403bff\" data-id=\"c403bff\" data-element_type=\"column\" data-e-type=\"column\">\n\t\t\t<div class=\"elementor-widget-wrap elementor-element-populated\">\n\t\t\t\t\t\t<div class=\"elementor-element elementor-element-4ab14cb elementor-widget elementor-widget-e_image_hover_effects\" data-id=\"4ab14cb\" data-element_type=\"widget\" data-e-type=\"widget\" data-widget_type=\"e_image_hover_effects.default\">\n\t\t\t\t<div class=\"elementor-widget-container\">\n\t\t\t\t\t\t\t\t<a href=\"http:\/\/jeanpierredanel.com\/web\/index.php\/blog\/\">\n\t\t\t\t\t<div class=\"eihe-box eihe-fade-in-up eihe_center\">\n\t\t\t\t<img decoding=\"async\" width=\"400\" height=\"400\" src=\"https:\/\/www.jeanpierredanel.com\/web\/wp-content\/uploads\/2021\/04\/couv_bio.jpg\" class=\"attachment-full size-full wp-image-287\" alt=\"\" srcset=\"https:\/\/www.jeanpierredanel.com\/web\/wp-content\/uploads\/2021\/04\/couv_bio.jpg 400w, https:\/\/www.jeanpierredanel.com\/web\/wp-content\/uploads\/2021\/04\/couv_bio-300x300.jpg 300w, https:\/\/www.jeanpierredanel.com\/web\/wp-content\/uploads\/2021\/04\/couv_bio-150x150.jpg 150w, https:\/\/www.jeanpierredanel.com\/web\/wp-content\/uploads\/2021\/04\/couv_bio-180x180.jpg 180w\" sizes=\"(max-width: 400px) 100vw, 400px\" \/>\t\t\t\t<div class=\"eihe-caption\">\n\t\t\t\t\t<div class=\"eihe-title-cover\">\n\t\t\t\t\t\t\t\t\t\t\t\t<h3 class=\"eihe-title\">ACTUALIT\u00c9S<\/h3>\n\t\t\t\t\t\t<div class=\"eihe-iright eihe-icon\"><i aria-hidden=\"true\" class=\"far fa-arrow-alt-circle-right\"><\/i> <\/div> \t\t\t\t\t<\/div>\n\t\t\t\t\t<p>Toutes les derni\u00e8res infos, actualit\u00e9s de Jean Pierre DANEL<\/p>\n\t\t\t\t<\/div>\n\t\t\t<\/div>\n\t\t\t\t\t<\/a>\n\t\t\t\t\t\t<\/div>\n\t\t\t\t<\/div>\n\t\t\t\t\t<\/div>\n\t\t<\/div>\n\t\t\t\t<div class=\"elementor-column elementor-col-33 elementor-top-column elementor-element elementor-element-487b489\" data-id=\"487b489\" data-element_type=\"column\" data-e-type=\"column\">\n\t\t\t<div class=\"elementor-widget-wrap elementor-element-populated\">\n\t\t\t\t\t\t<div class=\"elementor-element elementor-element-f4af305 elementor-widget elementor-widget-e_image_hover_effects\" data-id=\"f4af305\" data-element_type=\"widget\" data-e-type=\"widget\" data-widget_type=\"e_image_hover_effects.default\">\n\t\t\t\t<div class=\"elementor-widget-container\">\n\t\t\t\t\t\t\t\t<a href=\"http:\/\/jeanpierredanel.com\/web\/index.php\/bio\/\">\n\t\t\t\t\t<div class=\"eihe-box eihe-fade-in-up eihe_center\">\n\t\t\t\t<img loading=\"lazy\" decoding=\"async\" width=\"400\" height=\"400\" src=\"https:\/\/www.jeanpierredanel.com\/web\/wp-content\/uploads\/2021\/04\/couv_bio2.jpg\" class=\"attachment-full size-full wp-image-330\" alt=\"\" srcset=\"https:\/\/www.jeanpierredanel.com\/web\/wp-content\/uploads\/2021\/04\/couv_bio2.jpg 400w, https:\/\/www.jeanpierredanel.com\/web\/wp-content\/uploads\/2021\/04\/couv_bio2-300x300.jpg 300w, https:\/\/www.jeanpierredanel.com\/web\/wp-content\/uploads\/2021\/04\/couv_bio2-150x150.jpg 150w, https:\/\/www.jeanpierredanel.com\/web\/wp-content\/uploads\/2021\/04\/couv_bio2-180x180.jpg 180w\" sizes=\"(max-width: 400px) 100vw, 400px\" \/>\t\t\t\t<div class=\"eihe-caption\">\n\t\t\t\t\t<div class=\"eihe-title-cover\">\n\t\t\t\t\t\t\t\t\t\t\t\t<h3 class=\"eihe-title\">BIOGRAPHIE<\/h3>\n\t\t\t\t\t\t<div class=\"eihe-iright eihe-icon\"><i aria-hidden=\"true\" class=\"far fa-arrow-alt-circle-right\"><\/i> <\/div> \t\t\t\t\t<\/div>\n\t\t\t\t\t<p>Biographie de Jean Pierre DANEL + Dossier de presse<\/p>\n\t\t\t\t<\/div>\n\t\t\t<\/div>\n\t\t\t\t\t<\/a>\n\t\t\t\t\t\t<\/div>\n\t\t\t\t<\/div>\n\t\t\t\t\t<\/div>\n\t\t<\/div>\n\t\t\t\t<div class=\"elementor-column elementor-col-33 elementor-top-column elementor-element elementor-element-86aa993\" data-id=\"86aa993\" data-element_type=\"column\" data-e-type=\"column\">\n\t\t\t<div class=\"elementor-widget-wrap elementor-element-populated\">\n\t\t\t\t\t\t<div class=\"elementor-element elementor-element-d219dce elementor-widget elementor-widget-e_image_hover_effects\" data-id=\"d219dce\" data-element_type=\"widget\" data-e-type=\"widget\" data-widget_type=\"e_image_hover_effects.default\">\n\t\t\t\t<div class=\"elementor-widget-container\">\n\t\t\t\t\t\t\t\t<a href=\"http:\/\/jeanpierredanel.com\/web\/index.php\/discographie\/\">\n\t\t\t\t\t<div class=\"eihe-box eihe-fade-in-up eihe_center\">\n\t\t\t\t<img loading=\"lazy\" decoding=\"async\" width=\"400\" height=\"400\" src=\"https:\/\/www.jeanpierredanel.com\/web\/wp-content\/uploads\/2021\/04\/couv_actu.jpg\" class=\"attachment-full size-full wp-image-331\" alt=\"\" srcset=\"https:\/\/www.jeanpierredanel.com\/web\/wp-content\/uploads\/2021\/04\/couv_actu.jpg 400w, https:\/\/www.jeanpierredanel.com\/web\/wp-content\/uploads\/2021\/04\/couv_actu-300x300.jpg 300w, https:\/\/www.jeanpierredanel.com\/web\/wp-content\/uploads\/2021\/04\/couv_actu-150x150.jpg 150w, https:\/\/www.jeanpierredanel.com\/web\/wp-content\/uploads\/2021\/04\/couv_actu-180x180.jpg 180w\" sizes=\"(max-width: 400px) 100vw, 400px\" \/>\t\t\t\t<div class=\"eihe-caption\">\n\t\t\t\t\t<div class=\"eihe-title-cover\">\n\t\t\t\t\t\t\t\t\t\t\t\t<h3 class=\"eihe-title\">DISCOGRAPHIE<\/h3>\n\t\t\t\t\t\t<div class=\"eihe-iright eihe-icon\"><i aria-hidden=\"true\" class=\"far fa-arrow-alt-circle-right\"><\/i> <\/div> \t\t\t\t\t<\/div>\n\t\t\t\t\t<p>Voir toute la discographie de Jean Pierre DANEL<\/p>\n\t\t\t\t<\/div>\n\t\t\t<\/div>\n\t\t\t\t\t<\/a>\n\t\t\t\t\t\t<\/div>\n\t\t\t\t<\/div>\n\t\t\t\t\t<\/div>\n\t\t<\/div>\n\t\t\t\t\t<\/div>\n\t\t<\/section>\n\t\t\t\t<section class=\"elementor-section elementor-top-section elementor-element elementor-element-60b4f8b elementor-section-full_width elementor-section-stretched elementor-section-height-default elementor-section-height-default\" data-id=\"60b4f8b\" data-element_type=\"section\" data-e-type=\"section\" data-settings=\"{&quot;stretch_section&quot;:&quot;section-stretched&quot;,&quot;background_background&quot;:&quot;classic&quot;}\">\n\t\t\t\t\t\t<div class=\"elementor-container elementor-column-gap-no\">\n\t\t\t\t\t<div class=\"elementor-column elementor-col-100 elementor-top-column elementor-element elementor-element-097a866\" data-id=\"097a866\" data-element_type=\"column\" data-e-type=\"column\">\n\t\t\t<div class=\"elementor-widget-wrap elementor-element-populated\">\n\t\t\t\t\t\t<div class=\"elementor-element elementor-element-4926fca elementor-widget elementor-widget-spacer\" data-id=\"4926fca\" data-element_type=\"widget\" data-e-type=\"widget\" data-widget_type=\"spacer.default\">\n\t\t\t\t<div class=\"elementor-widget-container\">\n\t\t\t\t\t\t\t<div class=\"elementor-spacer\">\n\t\t\t<div class=\"elementor-spacer-inner\"><\/div>\n\t\t<\/div>\n\t\t\t\t\t\t<\/div>\n\t\t\t\t<\/div>\n\t\t\t\t<div class=\"elementor-element elementor-element-8509d11 elementor-align-center elementor-widget elementor-widget-button\" data-id=\"8509d11\" data-element_type=\"widget\" data-e-type=\"widget\" data-widget_type=\"button.default\">\n\t\t\t\t<div class=\"elementor-widget-container\">\n\t\t\t\t\t\t\t\t\t<div class=\"elementor-button-wrapper\">\n\t\t\t\t\t<a class=\"elementor-button elementor-button-link elementor-size-lg elementor-animation-bounce-in\" href=\"http:\/\/jeanpierredanel.com\/web\/index.php\/galeries-photos\/\">\n\t\t\t\t\t\t<span class=\"elementor-button-content-wrapper\">\n\t\t\t\t\t\t<span class=\"elementor-button-icon\">\n\t\t\t\t<i aria-hidden=\"true\" class=\"far fa-arrow-alt-circle-right\"><\/i>\t\t\t<\/span>\n\t\t\t\t\t\t\t\t\t<span class=\"elementor-button-text\">Galeries Photos<\/span>\n\t\t\t\t\t<\/span>\n\t\t\t\t\t<\/a>\n\t\t\t\t<\/div>\n\t\t\t\t\t\t\t\t<\/div>\n\t\t\t\t<\/div>\n\t\t\t\t<div class=\"elementor-element elementor-element-eab2e86 elementor-widget elementor-widget-spacer\" data-id=\"eab2e86\" data-element_type=\"widget\" data-e-type=\"widget\" data-widget_type=\"spacer.default\">\n\t\t\t\t<div class=\"elementor-widget-container\">\n\t\t\t\t\t\t\t<div class=\"elementor-spacer\">\n\t\t\t<div class=\"elementor-spacer-inner\"><\/div>\n\t\t<\/div>\n\t\t\t\t\t\t<\/div>\n\t\t\t\t<\/div>\n\t\t\t\t\t<\/div>\n\t\t<\/div>\n\t\t\t\t\t<\/div>\n\t\t<\/section>\n\t\t\t\t<section class=\"elementor-section elementor-top-section elementor-element elementor-element-e1b0d09 elementor-section-boxed elementor-section-height-default elementor-section-height-default\" data-id=\"e1b0d09\" data-element_type=\"section\" data-e-type=\"section\">\n\t\t\t\t\t\t<div class=\"elementor-container elementor-column-gap-default\">\n\t\t\t\t\t<div class=\"elementor-column elementor-col-100 elementor-top-column elementor-element elementor-element-19d9979\" data-id=\"19d9979\" data-element_type=\"column\" data-e-type=\"column\">\n\t\t\t<div class=\"elementor-widget-wrap\">\n\t\t\t\t\t\t\t<\/div>\n\t\t<\/div>\n\t\t\t\t\t<\/div>\n\t\t<\/section>\n\t\t\t\t<\/div>\n\t\t","protected":false},"excerpt":{"rendered":"<p>\u00a0 A propos Jean-Pierre Danel est le guitariste soliste le plus vendu en France, avec Guitar Connection N\u00b01 des ventes en 2006 ou C\u00f4t\u00e9 Jazz N\u00b01 des ventes d\u2019albums de<a href=\"https:\/\/www.jeanpierredanel.com\/web\/\" class=\"more-link\"><span class=\"readmore\">Continue reading<span class=\"screen-reader-text\"><\/span><\/span><\/a><\/p>\n","protected":false},"author":1,"featured_media":0,"parent":0,"menu_order":0,"comment_status":"closed","ping_status":"closed","template":"","meta":{"ngg_post_thumbnail":0,"footnotes":""},"class_list":["post-297","page","type-page","status-publish","hentry"],"_links":{"self":[{"href":"https:\/\/www.jeanpierredanel.com\/web\/index.php\/wp-json\/wp\/v2\/pages\/297","targetHints":{"allow":["GET"]}}],"collection":[{"href":"https:\/\/www.jeanpierredanel.com\/web\/index.php\/wp-json\/wp\/v2\/pages"}],"about":[{"href":"https:\/\/www.jeanpierredanel.com\/web\/index.php\/wp-json\/wp\/v2\/types\/page"}],"author":[{"embeddable":true,"href":"https:\/\/www.jeanpierredanel.com\/web\/index.php\/wp-json\/wp\/v2\/users\/1"}],"replies":[{"embeddable":true,"href":"https:\/\/www.jeanpierredanel.com\/web\/index.php\/wp-json\/wp\/v2\/comments?post=297"}],"version-history":[{"count":24,"href":"https:\/\/www.jeanpierredanel.com\/web\/index.php\/wp-json\/wp\/v2\/pages\/297\/revisions"}],"predecessor-version":[{"id":1510,"href":"https:\/\/www.jeanpierredanel.com\/web\/index.php\/wp-json\/wp\/v2\/pages\/297\/revisions\/1510"}],"wp:attachment":[{"href":"https:\/\/www.jeanpierredanel.com\/web\/index.php\/wp-json\/wp\/v2\/media?parent=297"}],"curies":[{"name":"wp","href":"https:\/\/api.w.org\/{rel}","templated":true}]}}