{"id":982,"date":"2023-03-08T15:17:35","date_gmt":"2023-03-08T14:17:35","guid":{"rendered":"https:\/\/www.jeanpierredanel.com\/web\/?page_id=982"},"modified":"2023-03-13T18:02:06","modified_gmt":"2023-03-13T17:02:06","slug":"videos","status":"publish","type":"page","link":"https:\/\/www.jeanpierredanel.com\/web\/index.php\/videos\/","title":{"rendered":"Videos"},"content":{"rendered":"\t\t<div data-elementor-type=\"wp-page\" data-elementor-id=\"982\" class=\"elementor elementor-982\">\n\t\t\t\t\t\t<section class=\"elementor-section elementor-top-section elementor-element elementor-element-45de320 elementor-section-boxed elementor-section-height-default elementor-section-height-default\" data-id=\"45de320\" data-element_type=\"section\" data-e-type=\"section\">\n\t\t\t\t\t\t<div class=\"elementor-container elementor-column-gap-default\">\n\t\t\t\t\t<div class=\"elementor-column elementor-col-100 elementor-top-column elementor-element elementor-element-5f4d27f\" data-id=\"5f4d27f\" data-element_type=\"column\" data-e-type=\"column\">\n\t\t\t<div class=\"elementor-widget-wrap\">\n\t\t\t\t\t\t\t<\/div>\n\t\t<\/div>\n\t\t\t\t\t<\/div>\n\t\t<\/section>\n\t\t\t\t<section class=\"elementor-section elementor-top-section elementor-element elementor-element-ffbf363 elementor-section-boxed elementor-section-height-default elementor-section-height-default\" data-id=\"ffbf363\" data-element_type=\"section\" data-e-type=\"section\">\n\t\t\t\t\t\t<div class=\"elementor-container elementor-column-gap-default\">\n\t\t\t\t\t<div class=\"elementor-column elementor-col-100 elementor-top-column elementor-element elementor-element-a991d22\" data-id=\"a991d22\" data-element_type=\"column\" data-e-type=\"column\">\n\t\t\t<div class=\"elementor-widget-wrap elementor-element-populated\">\n\t\t\t\t\t\t<div class=\"elementor-element elementor-element-a020c9b elementor-widget elementor-widget-e_image_hover_effects\" data-id=\"a020c9b\" data-element_type=\"widget\" data-e-type=\"widget\" data-widget_type=\"e_image_hover_effects.default\">\n\t\t\t\t<div class=\"elementor-widget-container\">\n\t\t\t\t\t\t\t\t<a href=\"https:\/\/www.youtube.com\/channel\/UCWQd0Ya-fOX_IpmV10ReXUw\" target=\"_blank\">\n\t\t\t\t\t<div class=\"eihe-box eihe-fade-in-up eihe_center\">\n\t\t\t\t<img fetchpriority=\"high\" decoding=\"async\" width=\"1122\" height=\"1019\" src=\"https:\/\/www.jeanpierredanel.com\/web\/wp-content\/uploads\/2023\/03\/youtube_jpdanel.jpg\" class=\"attachment-full size-full wp-image-1010\" alt=\"\" srcset=\"https:\/\/www.jeanpierredanel.com\/web\/wp-content\/uploads\/2023\/03\/youtube_jpdanel.jpg 1122w, https:\/\/www.jeanpierredanel.com\/web\/wp-content\/uploads\/2023\/03\/youtube_jpdanel-300x272.jpg 300w, https:\/\/www.jeanpierredanel.com\/web\/wp-content\/uploads\/2023\/03\/youtube_jpdanel-1024x930.jpg 1024w, https:\/\/www.jeanpierredanel.com\/web\/wp-content\/uploads\/2023\/03\/youtube_jpdanel-768x697.jpg 768w\" sizes=\"(max-width: 1122px) 100vw, 1122px\" \/>\t\t\t\t<div class=\"eihe-caption\">\n\t\t\t\t\t<div class=\"eihe-title-cover\">\n\t\t\t\t\t\t\t\t\t\t\t\t<h3 class=\"eihe-title\">Cha\u00eene YOUTUBE<\/h3>\n\t\t\t\t\t\t<div class=\"eihe-iright eihe-icon\"><i aria-hidden=\"true\" class=\"fas fa-arrow-alt-circle-right\"><\/i> <\/div> \t\t\t\t\t<\/div>\n\t\t\t\t\t<p>Acc\u00e9der \u00e0 la cha\u00eene Youtube <br>\nde Jean Pierre DANEL<\/p>\n\t\t\t\t<\/div>\n\t\t\t<\/div>\n\t\t\t\t\t<\/a>\n\t\t\t\t\t\t<\/div>\n\t\t\t\t<\/div>\n\t\t\t\t\t<\/div>\n\t\t<\/div>\n\t\t\t\t\t<\/div>\n\t\t<\/section>\n\t\t\t\t<\/div>\n\t\t","protected":false},"excerpt":{"rendered":"<p>Cha\u00eene YOUTUBE Acc\u00e9der \u00e0 la cha\u00eene Youtube de Jean Pierre DANEL<\/p>\n","protected":false},"author":1,"featured_media":0,"parent":0,"menu_order":0,"comment_status":"closed","ping_status":"closed","template":"elementor_theme","meta":{"ngg_post_thumbnail":0,"footnotes":""},"class_list":["post-982","page","type-page","status-publish","hentry"],"_links":{"self":[{"href":"https:\/\/www.jeanpierredanel.com\/web\/index.php\/wp-json\/wp\/v2\/pages\/982","targetHints":{"allow":["GET"]}}],"collection":[{"href":"https:\/\/www.jeanpierredanel.com\/web\/index.php\/wp-json\/wp\/v2\/pages"}],"about":[{"href":"https:\/\/www.jeanpierredanel.com\/web\/index.php\/wp-json\/wp\/v2\/types\/page"}],"author":[{"embeddable":true,"href":"https:\/\/www.jeanpierredanel.com\/web\/index.php\/wp-json\/wp\/v2\/users\/1"}],"replies":[{"embeddable":true,"href":"https:\/\/www.jeanpierredanel.com\/web\/index.php\/wp-json\/wp\/v2\/comments?post=982"}],"version-history":[{"count":18,"href":"https:\/\/www.jeanpierredanel.com\/web\/index.php\/wp-json\/wp\/v2\/pages\/982\/revisions"}],"predecessor-version":[{"id":1028,"href":"https:\/\/www.jeanpierredanel.com\/web\/index.php\/wp-json\/wp\/v2\/pages\/982\/revisions\/1028"}],"wp:attachment":[{"href":"https:\/\/www.jeanpierredanel.com\/web\/index.php\/wp-json\/wp\/v2\/media?parent=982"}],"curies":[{"name":"wp","href":"https:\/\/api.w.org\/{rel}","templated":true}]}}